{"id":199,"date":"2024-05-28T13:55:53","date_gmt":"2024-05-28T11:55:53","guid":{"rendered":"http:\/\/grimptx.cluster029.hosting.ovh.net\/?page_id=199"},"modified":"2025-01-11T19:55:07","modified_gmt":"2025-01-11T18:55:07","slug":"la-salle","status":"publish","type":"page","link":"https:\/\/grimptout.fr\/index.php\/la-salle\/","title":{"rendered":"La salle de Ferney-Voltaire"},"content":{"rendered":"\n<h5 class=\"wp-block-heading alignwide has-text-align-left\">Un mur d&rsquo;escalade de niveau r\u00e9gional<br>Mis \u00e0 notre disposition par la ville de <strong>Ferney-voltaire<\/strong><\/h5>\n\n\n\n<div style=\"height:50px\" aria-hidden=\"true\" class=\"wp-block-spacer\"><\/div>\n\n\n\n<div class=\"wp-block-media-text alignwide is-stacked-on-mobile\" style=\"grid-template-columns:70% auto\"><figure class=\"wp-block-media-text__media\"><img loading=\"lazy\" decoding=\"async\" width=\"1920\" height=\"1440\" src=\"http:\/\/grimptout.fr\/wp-content\/uploads\/2024\/05\/IMG_20171111_162539-1920x1440.jpg\" alt=\"\" class=\"wp-image-182 size-full\" srcset=\"https:\/\/grimptout.fr\/wp-content\/uploads\/2024\/05\/IMG_20171111_162539-1920x1440.jpg 1920w, https:\/\/grimptout.fr\/wp-content\/uploads\/2024\/05\/IMG_20171111_162539-1024x768.jpg 1024w, https:\/\/grimptout.fr\/wp-content\/uploads\/2024\/05\/IMG_20171111_162539-768x576.jpg 768w, https:\/\/grimptout.fr\/wp-content\/uploads\/2024\/05\/IMG_20171111_162539-1536x1152.jpg 1536w, https:\/\/grimptout.fr\/wp-content\/uploads\/2024\/05\/IMG_20171111_162539-2048x1536.jpg 2048w\" sizes=\"auto, (max-width: 1920px) 100vw, 1920px\" \/><\/figure><div class=\"wp-block-media-text__content\">\n<p>Hauteur : de 10 \u00e0 12m lin\u00e9aire<\/p>\n<\/div><\/div>\n\n\n\n<div style=\"height:50px\" aria-hidden=\"true\" class=\"wp-block-spacer\"><\/div>\n\n\n\n<div class=\"wp-block-media-text alignwide has-media-on-the-right is-stacked-on-mobile\" style=\"grid-template-columns:auto 70%\"><div class=\"wp-block-media-text__content\">\n<p>Nombre de couloirs : 28<\/p>\n<\/div><figure class=\"wp-block-media-text__media\"><img loading=\"lazy\" decoding=\"async\" width=\"1920\" height=\"1440\" src=\"http:\/\/grimptout.fr\/wp-content\/uploads\/2024\/05\/IMG_20171111_162607-1920x1440.jpg\" alt=\"\" class=\"wp-image-183 size-full\" srcset=\"https:\/\/grimptout.fr\/wp-content\/uploads\/2024\/05\/IMG_20171111_162607-1920x1440.jpg 1920w, https:\/\/grimptout.fr\/wp-content\/uploads\/2024\/05\/IMG_20171111_162607-1024x768.jpg 1024w, https:\/\/grimptout.fr\/wp-content\/uploads\/2024\/05\/IMG_20171111_162607-768x576.jpg 768w, https:\/\/grimptout.fr\/wp-content\/uploads\/2024\/05\/IMG_20171111_162607-1536x1152.jpg 1536w, https:\/\/grimptout.fr\/wp-content\/uploads\/2024\/05\/IMG_20171111_162607-2048x1536.jpg 2048w\" sizes=\"auto, (max-width: 1920px) 100vw, 1920px\" \/><\/figure><\/div>\n\n\n\n<div style=\"height:50px\" aria-hidden=\"true\" class=\"wp-block-spacer\"><\/div>\n\n\n\n<div class=\"wp-block-media-text alignwide is-stacked-on-mobile\" style=\"grid-template-columns:70% auto\"><figure class=\"wp-block-media-text__media\"><img loading=\"lazy\" decoding=\"async\" width=\"1920\" height=\"1440\" src=\"http:\/\/grimptout.fr\/wp-content\/uploads\/2024\/05\/IMG_20171111_162624-1920x1440.jpg\" alt=\"\" class=\"wp-image-184 size-full\" srcset=\"https:\/\/grimptout.fr\/wp-content\/uploads\/2024\/05\/IMG_20171111_162624-1920x1440.jpg 1920w, https:\/\/grimptout.fr\/wp-content\/uploads\/2024\/05\/IMG_20171111_162624-1024x768.jpg 1024w, https:\/\/grimptout.fr\/wp-content\/uploads\/2024\/05\/IMG_20171111_162624-768x576.jpg 768w, https:\/\/grimptout.fr\/wp-content\/uploads\/2024\/05\/IMG_20171111_162624-1536x1152.jpg 1536w, https:\/\/grimptout.fr\/wp-content\/uploads\/2024\/05\/IMG_20171111_162624-2048x1536.jpg 2048w\" sizes=\"auto, (max-width: 1920px) 100vw, 1920px\" \/><\/figure><div class=\"wp-block-media-text__content\">\n<p>Profil : Vertical, Vitesse, Dalle, D\u00e9vers<\/p>\n<\/div><\/div>\n","protected":false},"excerpt":{"rendered":"<p>Un mur d&rsquo;escalade de niveau r\u00e9gionalMis \u00e0 notre disposition par la ville de Ferney-voltaire Hauteur : de 10 \u00e0 12m lin\u00e9aire Nombre de couloirs : 28 Profil : Vertical, Vitesse, Dalle, D\u00e9vers<\/p>\n","protected":false},"author":3,"featured_media":192,"parent":0,"menu_order":0,"comment_status":"closed","ping_status":"closed","template":"","meta":{"footnotes":""},"class_list":["post-199","page","type-page","status-publish","has-post-thumbnail","hentry"],"_links":{"self":[{"href":"https:\/\/grimptout.fr\/index.php\/wp-json\/wp\/v2\/pages\/199","targetHints":{"allow":["GET"]}}],"collection":[{"href":"https:\/\/grimptout.fr\/index.php\/wp-json\/wp\/v2\/pages"}],"about":[{"href":"https:\/\/grimptout.fr\/index.php\/wp-json\/wp\/v2\/types\/page"}],"author":[{"embeddable":true,"href":"https:\/\/grimptout.fr\/index.php\/wp-json\/wp\/v2\/users\/3"}],"replies":[{"embeddable":true,"href":"https:\/\/grimptout.fr\/index.php\/wp-json\/wp\/v2\/comments?post=199"}],"version-history":[{"count":8,"href":"https:\/\/grimptout.fr\/index.php\/wp-json\/wp\/v2\/pages\/199\/revisions"}],"predecessor-version":[{"id":977,"href":"https:\/\/grimptout.fr\/index.php\/wp-json\/wp\/v2\/pages\/199\/revisions\/977"}],"wp:featuredmedia":[{"embeddable":true,"href":"https:\/\/grimptout.fr\/index.php\/wp-json\/wp\/v2\/media\/192"}],"wp:attachment":[{"href":"https:\/\/grimptout.fr\/index.php\/wp-json\/wp\/v2\/media?parent=199"}],"curies":[{"name":"wp","href":"https:\/\/api.w.org\/{rel}","templated":true}]}}