{"id":261,"date":"2024-05-28T16:44:36","date_gmt":"2024-05-28T14:44:36","guid":{"rendered":"http:\/\/grimptx.cluster029.hosting.ovh.net\/?page_id=261"},"modified":"2025-09-07T22:09:23","modified_gmt":"2025-09-07T20:09:23","slug":"planning","status":"publish","type":"page","link":"https:\/\/grimptout.fr\/index.php\/planning\/","title":{"rendered":"PLANNING"},"content":{"rendered":"\n<div class=\"wp-block-group alignwide is-vertical is-layout-flex wp-container-core-group-is-layout-fe9cc265 wp-block-group-is-layout-flex\">\n<h2 class=\"wp-block-heading alignwide\">Planning pour la saison <strong>2025\/2026<\/strong><\/h2>\n\n\n\n<div class=\"wp-block-group is-layout-constrained wp-block-group-is-layout-constrained\">\n<p><strong>Rentr\u00e9e en septembre 2025<\/strong><\/p>\n\n\n\n<ul class=\"wp-block-list\">\n<li>semaine du 15 septembre 2025<br>(Exception : les cours BLOC commenceront en octobre)<\/li>\n<\/ul>\n\n\n\n<p><strong>Jour f\u00e9ri\u00e9, vacances scolaires, pont<\/strong><\/p>\n\n\n\n<ul class=\"wp-block-list\">\n<li>Aucun cours jeune et adultes<\/li>\n\n\n\n<li>Certaines session libres pour les d\u00e9tenteurs du passeport orange peuvent \u00eatre conserv\u00e9es (si c\u2019est la cas on le communique par l&rsquo;application Signal)<\/li>\n<\/ul>\n\n\n\n<p><strong>Fin de la saison courant juin 2026<\/strong><\/p>\n\n\n\n<ul class=\"wp-block-list\">\n<li>13 juin 2026 : fin des cours jeunes (L\u00e9zards, Microbes, Poussins, Benjamins, Ados, Performance) et Adultes<\/li>\n\n\n\n<li>Les sessions r\u00e9serv\u00e9 aux d\u00e9tenteurs du passeport orange se poursuivent de mani\u00e8re irr\u00e9guli\u00e8re et annonc\u00e9 sur Signal<\/li>\n<\/ul>\n<\/div>\n<\/div>\n\n\n\n<div style=\"height:50px\" aria-hidden=\"true\" class=\"wp-block-spacer\"><\/div>\n\n\n\n<p><em>Les enfants n&rsquo;ont qu&rsquo;un seul cr\u00e9neau par semaine, toujours le m\u00eame.<br>Les adultes ont plusieurs cr\u00e9neau par semaine (sauf en cas de trop forte affluence).<br>Les Ados de 15 ans et plus et les adultes d\u00e9tenteur du \u00ab\u00a0Passeport Orange FFME\u00a0\u00bb ont acc\u00e8s \u00e0 des session suppl\u00e9mentaires sur le planning. De plus d&rsquo;autres peuvent \u00eatre propos\u00e9 pendant les weekend et diff\u00e9rentes vacances et annonc\u00e9 sur un groupe Signal.<\/em><\/p>\n\n\n\n<figure class=\"wp-block-image alignwide size-full\"><img loading=\"lazy\" decoding=\"async\" width=\"1281\" height=\"906\" src=\"http:\/\/grimptout.fr\/wp-content\/uploads\/2025\/05\/Planning-2025-2026.jpg\" alt=\"\" class=\"wp-image-1057\" srcset=\"https:\/\/grimptout.fr\/wp-content\/uploads\/2025\/05\/Planning-2025-2026.jpg 1281w, https:\/\/grimptout.fr\/wp-content\/uploads\/2025\/05\/Planning-2025-2026-1024x724.jpg 1024w, https:\/\/grimptout.fr\/wp-content\/uploads\/2025\/05\/Planning-2025-2026-768x543.jpg 768w\" sizes=\"auto, (max-width: 1281px) 100vw, 1281px\" \/><\/figure>\n","protected":false},"excerpt":{"rendered":"<p>Planning pour la saison 2025\/2026 Rentr\u00e9e en septembre 2025 Jour f\u00e9ri\u00e9, vacances scolaires, pont Fin de la saison courant juin 2026 Les enfants n&rsquo;ont qu&rsquo;un seul cr\u00e9neau par semaine, toujours le m\u00eame.Les adultes ont plusieurs cr\u00e9neau par semaine (sauf en cas de trop forte affluence).Les Ados de 15 ans et plus et les adultes d\u00e9tenteur [&hellip;]<\/p>\n","protected":false},"author":3,"featured_media":193,"parent":0,"menu_order":0,"comment_status":"closed","ping_status":"closed","template":"","meta":{"footnotes":""},"class_list":["post-261","page","type-page","status-publish","has-post-thumbnail","hentry"],"_links":{"self":[{"href":"https:\/\/grimptout.fr\/index.php\/wp-json\/wp\/v2\/pages\/261","targetHints":{"allow":["GET"]}}],"collection":[{"href":"https:\/\/grimptout.fr\/index.php\/wp-json\/wp\/v2\/pages"}],"about":[{"href":"https:\/\/grimptout.fr\/index.php\/wp-json\/wp\/v2\/types\/page"}],"author":[{"embeddable":true,"href":"https:\/\/grimptout.fr\/index.php\/wp-json\/wp\/v2\/users\/3"}],"replies":[{"embeddable":true,"href":"https:\/\/grimptout.fr\/index.php\/wp-json\/wp\/v2\/comments?post=261"}],"version-history":[{"count":31,"href":"https:\/\/grimptout.fr\/index.php\/wp-json\/wp\/v2\/pages\/261\/revisions"}],"predecessor-version":[{"id":1187,"href":"https:\/\/grimptout.fr\/index.php\/wp-json\/wp\/v2\/pages\/261\/revisions\/1187"}],"wp:featuredmedia":[{"embeddable":true,"href":"https:\/\/grimptout.fr\/index.php\/wp-json\/wp\/v2\/media\/193"}],"wp:attachment":[{"href":"https:\/\/grimptout.fr\/index.php\/wp-json\/wp\/v2\/media?parent=261"}],"curies":[{"name":"wp","href":"https:\/\/api.w.org\/{rel}","templated":true}]}}