{"id":345,"date":"2024-05-28T20:01:14","date_gmt":"2024-05-28T18:01:14","guid":{"rendered":"http:\/\/grimptx.cluster029.hosting.ovh.net\/?page_id=345"},"modified":"2025-06-13T20:05:15","modified_gmt":"2025-06-13T18:05:15","slug":"cours-performance","status":"publish","type":"page","link":"https:\/\/grimptout.fr\/index.php\/cours-performance\/","title":{"rendered":"Cours performance jeunes"},"content":{"rendered":"\n<div class=\"wp-block-group is-content-justification-left is-layout-constrained wp-container-core-group-is-layout-12dd3699 wp-block-group-is-layout-constrained\">\n<h5 class=\"wp-block-heading\">Contenu du cours<\/h5>\n\n\n\n<hr class=\"wp-block-separator has-alpha-channel-opacity\"\/>\n\n\n\n<p>En plus d\u2019un cours loisir, vous aurez la possibilit\u00e9 d\u2019approfondir votre technique \u00e0 un deuxi\u00e8me cours chaque semaine. Ce cours suppl\u00e9mentaire sera propos\u00e9 \u00e0 certains enfants et ados sur s\u00e9lection du coach.<br>Si le syst\u00e8me d\u2019inscription vous le propose c\u2019est que l\u2019enfant est d\u00e9j\u00e0 dans notre s\u00e9lection, s\u2019il ne vous le propose pas contactez nous.<br>Le but de ce cours est aussi de participer \u00e0 quelques comp\u00e9titions.<\/p>\n\n\n\n<ul class=\"wp-block-list\">\n<li>De 8 \u00e0 17 ans sur s\u00e9lection du coach<\/li>\n\n\n\n<li>Un cours par semaine<\/li>\n\n\n\n<li>Un minimum de 28 semaines de cours et une sortie en ext\u00e9rieur (Dans la limite des places disponibles pour la sortie)<\/li>\n\n\n\n<li>Dur\u00e9e des cours 1h30<\/li>\n\n\n\n<li>Les groupes sont de 8 \u00e0 12 enfants<\/li>\n<\/ul>\n\n\n\n<p>CE COURS EST R\u00c9SERV\u00c9 AUX LICENCI\u00c9S S\u00c9LECTIONN\u00c9S PAR LE COACH<\/p>\n<\/div>\n\n\n\n<div style=\"height:50px\" aria-hidden=\"true\" class=\"wp-block-spacer\"><\/div>\n\n\n\n<div class=\"wp-block-group is-content-justification-left is-layout-constrained wp-container-core-group-is-layout-12dd3699 wp-block-group-is-layout-constrained\">\n<h5 class=\"wp-block-heading\">Tarifs<\/h5>\n\n\n\n<hr class=\"wp-block-separator has-alpha-channel-opacity\"\/>\n\n\n\n<p>110 euros annuel<\/p>\n\n\n\n<p>Que comprend le prix d\u2019une adh\u00e9sion ?<\/p>\n\n\n\n<ul class=\"wp-block-list\">\n<li>Le pr\u00eat de mat\u00e9riel: baudriers, descendeurs, \u2026<\/li>\n\n\n\n<li>L\u2019accompagnement et les conseils de nos encadrants<\/li>\n\n\n\n<li>Le plaisir de grimper et de rencontrer des gens autour d\u2019une m\u00eame passion<\/li>\n<\/ul>\n\n\n\n<p><strong>Vous devez acheter par vous m\u00eame vos chaussons d&rsquo;escalade<\/strong><\/p>\n<\/div>\n","protected":false},"excerpt":{"rendered":"<p>Contenu du cours En plus d\u2019un cours loisir, vous aurez la possibilit\u00e9 d\u2019approfondir votre technique \u00e0 un deuxi\u00e8me cours chaque semaine. Ce cours suppl\u00e9mentaire sera propos\u00e9 \u00e0 certains enfants et ados sur s\u00e9lection du coach.Si le syst\u00e8me d\u2019inscription vous le propose c\u2019est que l\u2019enfant est d\u00e9j\u00e0 dans notre s\u00e9lection, s\u2019il ne vous le propose pas [&hellip;]<\/p>\n","protected":false},"author":3,"featured_media":161,"parent":0,"menu_order":0,"comment_status":"closed","ping_status":"closed","template":"","meta":{"footnotes":""},"class_list":["post-345","page","type-page","status-publish","has-post-thumbnail","hentry"],"_links":{"self":[{"href":"https:\/\/grimptout.fr\/index.php\/wp-json\/wp\/v2\/pages\/345","targetHints":{"allow":["GET"]}}],"collection":[{"href":"https:\/\/grimptout.fr\/index.php\/wp-json\/wp\/v2\/pages"}],"about":[{"href":"https:\/\/grimptout.fr\/index.php\/wp-json\/wp\/v2\/types\/page"}],"author":[{"embeddable":true,"href":"https:\/\/grimptout.fr\/index.php\/wp-json\/wp\/v2\/users\/3"}],"replies":[{"embeddable":true,"href":"https:\/\/grimptout.fr\/index.php\/wp-json\/wp\/v2\/comments?post=345"}],"version-history":[{"count":7,"href":"https:\/\/grimptout.fr\/index.php\/wp-json\/wp\/v2\/pages\/345\/revisions"}],"predecessor-version":[{"id":1127,"href":"https:\/\/grimptout.fr\/index.php\/wp-json\/wp\/v2\/pages\/345\/revisions\/1127"}],"wp:featuredmedia":[{"embeddable":true,"href":"https:\/\/grimptout.fr\/index.php\/wp-json\/wp\/v2\/media\/161"}],"wp:attachment":[{"href":"https:\/\/grimptout.fr\/index.php\/wp-json\/wp\/v2\/media?parent=345"}],"curies":[{"name":"wp","href":"https:\/\/api.w.org\/{rel}","templated":true}]}}